{"id":466,"date":"2025-12-11T19:51:17","date_gmt":"2025-12-11T19:51:17","guid":{"rendered":"https:\/\/e-kart.com.ar\/v3\/?page_id=466"},"modified":"2026-02-25T11:50:18","modified_gmt":"2026-02-25T14:50:18","slug":"reglamentos-2026","status":"publish","type":"page","link":"https:\/\/e-kart.com.ar\/?page_id=466","title":{"rendered":"REGLAMENTOS 2026"},"content":{"rendered":"<table border=\"0\" width=\"100%\" cellspacing=\"0\" cellpadding=\"0\">\n<tbody>\n<p>    <!-- RMC GRAND NATIONALS --><\/p>\n<tr>\n<td colspan=\"3\" align=\"left\" height=\"15\">\n<h3><strong>RMC Grand Nationals \u00bb<\/strong><\/h3>\n<\/td>\n<\/tr>\n<tr>\n<td colspan=\"3\" bgcolor=\"#000000\" height=\"1\"><\/td>\n<\/tr>\n<p>    <!-- Deportivo --><\/p>\n<tr>\n<td align=\"center\" valign=\"middle\" width=\"5%\" height=\"40\">\n  <svg xmlns=\"http:\/\/www.w3.org\/2000\/svg\" width=\"10\" height=\"16\" viewBox=\"0 0 24 24\"\n       fill=\"none\" stroke=\"#ff7a00\" stroke-width=\"3\"\n       stroke-linecap=\"round\" stroke-linejoin=\"round\">\n    <polyline points=\"9 18 15 12 9 6\"><\/polyline>\n  <\/svg>\n<\/td>\n<td width=\"85%\" height=\"40\" valign=\"middle\">Deportivo<\/td>\n<td align=\"center\" width=\"10%\" height=\"40\" valign=\"middle\">\n  <a href=\"https:\/\/e-kart.com.ar\/contenido\/rotaxgn\/reglamentos\/2026_Regl_Dep_RMCGN.pdf\"\n     target=\"_blank\" rel=\"noopener\" title=\"Descargar reglamento\" class=\"icono-tabla\"><br \/>\n    <svg xmlns=\"http:\/\/www.w3.org\/2000\/svg\" width=\"17\" height=\"18\" viewBox=\"0 0 24 24\"\n         fill=\"none\" stroke=\"black\" stroke-width=\"2\" stroke-linecap=\"round\" stroke-linejoin=\"round\">\n      <path d=\"M21 15v4a2 2 0 0 1-2 2H5a2 2 0 0 1-2-2v-4\"><\/path>\n      <polyline points=\"7 10 12 15 17 10\"><\/polyline>\n      <line x1=\"12\" y1=\"15\" x2=\"12\" y2=\"3\"><\/line>\n    <\/svg><br \/>\n  <\/a>\n<\/td>\n<\/tr>\n<tr>\n<td colspan=\"3\" bgcolor=\"#000000\" height=\"1\"><\/td>\n<\/tr>\n<p>    <!-- T\u00e9cnico --><\/p>\n<tr>\n<td align=\"center\" valign=\"middle\" width=\"5%\" height=\"40\">\n  <svg xmlns=\"http:\/\/www.w3.org\/2000\/svg\" width=\"10\" height=\"16\" viewBox=\"0 0 24 24\"\n       fill=\"none\" stroke=\"#ff7a00\" stroke-width=\"3\"\n       stroke-linecap=\"round\" stroke-linejoin=\"round\">\n    <polyline points=\"9 18 15 12 9 6\"><\/polyline>\n  <\/svg>\n<\/td>\n<td width=\"85%\" height=\"40\" valign=\"middle\">T\u00e9cnico<\/td>\n<td align=\"center\" width=\"10%\" height=\"40\" valign=\"middle\">\n        <a href=\"https:\/\/e-kart.com.ar\/contenido\/rotaxgn\/reglamentos\/2026_Regl_Tec_RMCGN.pdf\"     target=\"_blank\" rel=\"noopener\" title=\"Descargar reglamento\" class=\"icono-tabla\"><br \/>\n    <svg xmlns=\"http:\/\/www.w3.org\/2000\/svg\" width=\"17\" height=\"18\" viewBox=\"0 0 24 24\"\n         fill=\"none\" stroke=\"black\" stroke-width=\"2\" stroke-linecap=\"round\" stroke-linejoin=\"round\">\n      <path d=\"M21 15v4a2 2 0 0 1-2 2H5a2 2 0 0 1-2-2v-4\"><\/path>\n      <polyline points=\"7 10 12 15 17 10\"><\/polyline>\n      <line x1=\"12\" y1=\"15\" x2=\"12\" y2=\"3\"><\/line>\n    <\/svg><br \/>\n  <\/a>\n      <\/td>\n<\/tr>\n<tr>\n<td colspan=\"3\" bgcolor=\"#000000\" height=\"1\"><\/td>\n<\/tr>\n<p>    <!-- ESPACIO --><\/p>\n<tr>\n<td colspan=\"3\" height=\"50\"><\/td>\n<\/tr>\n<p>    <!-- CAF 2T y 4T --><\/p>\n<tr>\n<td colspan=\"3\" align=\"left\">\n<h3><strong>CAF 2T y 4T \u00bb<\/strong><\/h3>\n<\/td>\n<\/tr>\n<tr>\n<td colspan=\"3\" bgcolor=\"#000000\" height=\"1\"><\/td>\n<\/tr>\n<p>    <!-- Deportivo --><\/p>\n<tr>\n<td align=\"center\" valign=\"middle\" width=\"5%\" height=\"40\">\n  <svg xmlns=\"http:\/\/www.w3.org\/2000\/svg\" width=\"10\" height=\"16\" viewBox=\"0 0 24 24\"\n       fill=\"none\" stroke=\"#ff7a00\" stroke-width=\"3\"\n       stroke-linecap=\"round\" stroke-linejoin=\"round\">\n    <polyline points=\"9 18 15 12 9 6\"><\/polyline>\n  <\/svg>\n<\/td>\n<td width=\"85%\" height=\"40\" valign=\"middle\">Deportivo<\/td>\n<td align=\"center\" width=\"10%\" height=\"40\" valign=\"middle\">\n        <a href=\"https:\/\/e-kart.com.ar\/contenido\/rotaxgn\/reglamentos\/2026_Regl_Dep_CAF.pdf\" target=\"_blank\" rel=\"noopener\" title=\"Descargar reglamento\" class=\"icono-tabla\"><br \/>\n    <svg xmlns=\"http:\/\/www.w3.org\/2000\/svg\" width=\"17\" height=\"18\" viewBox=\"0 0 24 24\"\n         fill=\"none\" stroke=\"black\" stroke-width=\"2\" stroke-linecap=\"round\" stroke-linejoin=\"round\">\n      <path d=\"M21 15v4a2 2 0 0 1-2 2H5a2 2 0 0 1-2-2v-4\"><\/path>\n      <polyline points=\"7 10 12 15 17 10\"><\/polyline>\n      <line x1=\"12\" y1=\"15\" x2=\"12\" y2=\"3\"><\/line>\n    <\/svg><br \/>\n  <\/a>\n      <\/td>\n<\/tr>\n<tr>\n<td colspan=\"3\" bgcolor=\"#000000\" height=\"1\"><\/td>\n<\/tr>\n<p>    <!-- T\u00e9cnico Escuela --><\/p>\n<tr>\n<td align=\"center\" valign=\"middle\" width=\"5%\" height=\"40\">\n  <svg xmlns=\"http:\/\/www.w3.org\/2000\/svg\" width=\"10\" height=\"16\" viewBox=\"0 0 24 24\"\n       fill=\"none\" stroke=\"#ff7a00\" stroke-width=\"3\"\n       stroke-linecap=\"round\" stroke-linejoin=\"round\">\n    <polyline points=\"9 18 15 12 9 6\"><\/polyline>\n  <\/svg>\n<\/td>\n<td width=\"85%\" height=\"40\" valign=\"middle\">T\u00e9cnico Escuela L\u00fcsqtoff<\/td>\n<td align=\"center\" width=\"10%\" height=\"40\" valign=\"middle\">\n        <a href=\"https:\/\/e-kart.com.ar\/contenido\/rotaxgn\/reglamentos\/2026_Regl_Tec_CAF_Escuela.pdf\"     target=\"_blank\" rel=\"noopener\" title=\"Descargar reglamento\" class=\"icono-tabla\"><br \/>\n    <svg xmlns=\"http:\/\/www.w3.org\/2000\/svg\" width=\"17\" height=\"18\" viewBox=\"0 0 24 24\"\n         fill=\"none\" stroke=\"black\" stroke-width=\"2\" stroke-linecap=\"round\" stroke-linejoin=\"round\">\n      <path d=\"M21 15v4a2 2 0 0 1-2 2H5a2 2 0 0 1-2-2v-4\"><\/path>\n      <polyline points=\"7 10 12 15 17 10\"><\/polyline>\n      <line x1=\"12\" y1=\"15\" x2=\"12\" y2=\"3\"><\/line>\n    <\/svg><br \/>\n  <\/a>\n      <\/td>\n<\/tr>\n<tr>\n<td colspan=\"3\" bgcolor=\"#000000\" height=\"1\"><\/td>\n<\/tr>\n<p>    <!-- T\u00e9cnico 150 4T --><\/p>\n<tr>\n<td align=\"center\" valign=\"middle\" width=\"5%\" height=\"40\">\n  <svg xmlns=\"http:\/\/www.w3.org\/2000\/svg\" width=\"10\" height=\"16\" viewBox=\"0 0 24 24\"\n       fill=\"none\" stroke=\"#ff7a00\" stroke-width=\"3\"\n       stroke-linecap=\"round\" stroke-linejoin=\"round\">\n    <polyline points=\"9 18 15 12 9 6\"><\/polyline>\n  <\/svg>\n<\/td>\n<td width=\"85%\" height=\"40\" valign=\"middle\">T\u00e9cnico 150 4T<\/td>\n<td align=\"center\" width=\"10%\" height=\"40\" valign=\"middle\">\n        <a href=\"https:\/\/e-kart.com.ar\/contenido\/rotaxgn\/reglamentos\/2026_Regl_Tec_CAF_1504T.pdf\"     target=\"_blank\" rel=\"noopener\" title=\"Descargar reglamento\" class=\"icono-tabla\"><br \/>\n    <svg xmlns=\"http:\/\/www.w3.org\/2000\/svg\" width=\"17\" height=\"18\" viewBox=\"0 0 24 24\"\n         fill=\"none\" stroke=\"black\" stroke-width=\"2\" stroke-linecap=\"round\" stroke-linejoin=\"round\">\n      <path d=\"M21 15v4a2 2 0 0 1-2 2H5a2 2 0 0 1-2-2v-4\"><\/path>\n      <polyline points=\"7 10 12 15 17 10\"><\/polyline>\n      <line x1=\"12\" y1=\"15\" x2=\"12\" y2=\"3\"><\/line>\n    <\/svg><br \/>\n  <\/a>\n      <\/td>\n<\/tr>\n<tr>\n<td colspan=\"3\" bgcolor=\"#000000\" height=\"1\"><\/td>\n<\/tr>\n<p>    <!-- T\u00e9cnico 125 Light --><\/p>\n<tr>\n<td align=\"center\" valign=\"middle\" width=\"5%\" height=\"40\">\n  <svg xmlns=\"http:\/\/www.w3.org\/2000\/svg\" width=\"10\" height=\"16\" viewBox=\"0 0 24 24\"\n       fill=\"none\" stroke=\"#ff7a00\" stroke-width=\"3\"\n       stroke-linecap=\"round\" stroke-linejoin=\"round\">\n    <polyline points=\"9 18 15 12 9 6\"><\/polyline>\n  <\/svg>\n<\/td>\n<td width=\"85%\" height=\"40\" valign=\"middle\">T\u00e9cnico 125 Light<\/td>\n<td align=\"center\" width=\"10%\" height=\"40\" valign=\"middle\">\n        <a href=\"https:\/\/e-kart.com.ar\/contenido\/rotaxgn\/reglamentos\/2026_Regl_Tec_CAF_125Light.pdf\"target=\"_blank\" rel=\"noopener\" title=\"Descargar reglamento\" class=\"icono-tabla\"><br \/>\n    <svg xmlns=\"http:\/\/www.w3.org\/2000\/svg\" width=\"17\" height=\"18\" viewBox=\"0 0 24 24\"\n         fill=\"none\" stroke=\"black\" stroke-width=\"2\" stroke-linecap=\"round\" stroke-linejoin=\"round\">\n      <path d=\"M21 15v4a2 2 0 0 1-2 2H5a2 2 0 0 1-2-2v-4\"><\/path>\n      <polyline points=\"7 10 12 15 17 10\"><\/polyline>\n      <line x1=\"12\" y1=\"15\" x2=\"12\" y2=\"3\"><\/line>\n    <\/svg><br \/>\n  <\/a>\n      <\/td>\n<\/tr>\n<tr>\n<td colspan=\"3\" bgcolor=\"#000000\" height=\"1\"><\/td>\n<\/tr>\n<\/tbody>\n<\/table>\n","protected":false},"excerpt":{"rendered":"<p>RMC Grand Nationals \u00bb Deportivo T\u00e9cnico CAF 2T y 4T \u00bb Deportivo T\u00e9cnico Escuela L\u00fcsqtoff T\u00e9cnico 150 4T T\u00e9cnico 125 Light<\/p>\n","protected":false},"author":1,"featured_media":0,"parent":460,"menu_order":0,"comment_status":"closed","ping_status":"closed","template":"","meta":{"footnotes":""},"class_list":["post-466","page","type-page","status-publish","hentry"],"_hostinger_reach_plugin_has_subscription_block":false,"_hostinger_reach_plugin_is_elementor":false,"_links":{"self":[{"href":"https:\/\/e-kart.com.ar\/index.php?rest_route=\/wp\/v2\/pages\/466","targetHints":{"allow":["GET"]}}],"collection":[{"href":"https:\/\/e-kart.com.ar\/index.php?rest_route=\/wp\/v2\/pages"}],"about":[{"href":"https:\/\/e-kart.com.ar\/index.php?rest_route=\/wp\/v2\/types\/page"}],"author":[{"embeddable":true,"href":"https:\/\/e-kart.com.ar\/index.php?rest_route=\/wp\/v2\/users\/1"}],"replies":[{"embeddable":true,"href":"https:\/\/e-kart.com.ar\/index.php?rest_route=%2Fwp%2Fv2%2Fcomments&post=466"}],"version-history":[{"count":32,"href":"https:\/\/e-kart.com.ar\/index.php?rest_route=\/wp\/v2\/pages\/466\/revisions"}],"predecessor-version":[{"id":42685,"href":"https:\/\/e-kart.com.ar\/index.php?rest_route=\/wp\/v2\/pages\/466\/revisions\/42685"}],"up":[{"embeddable":true,"href":"https:\/\/e-kart.com.ar\/index.php?rest_route=\/wp\/v2\/pages\/460"}],"wp:attachment":[{"href":"https:\/\/e-kart.com.ar\/index.php?rest_route=%2Fwp%2Fv2%2Fmedia&parent=466"}],"curies":[{"name":"wp","href":"https:\/\/api.w.org\/{rel}","templated":true}]}}