{"id":145,"date":"2025-12-10T00:22:42","date_gmt":"2025-12-10T00:22:42","guid":{"rendered":"https:\/\/e-kart.com.ar\/v3\/?page_id=145"},"modified":"2026-02-06T13:15:36","modified_gmt":"2026-02-06T16:15:36","slug":"reglamentos","status":"publish","type":"page","link":"https:\/\/e-kart.com.ar\/?page_id=145","title":{"rendered":"REGLAMENTOS 2026"},"content":{"rendered":"<table border=\"0px\" width=\"100%\" cellspacing=\"3px\" cellpadding=\"0px\">\n<tbody>\n<tr>\n<td align=\"center\" height=\"15\"><\/td>\n<\/tr>\n<tr>\n<td width=\"100%\">\n<div align=\"center\"><center><\/p>\n<table border=\"0\" width=\"100%\" cellspacing=\"1\" cellpadding=\"0\">\n<tbody>\n<tr>\n<td width=\"100%\">\n<div align=\"center\"><center><\/p>\n<table border=\"0\" width=\"100%\" cellspacing=\"0\" cellpadding=\"0\">\n<tbody>\n<tr>\n<td colspan=\"3\" align=\"center\" bgcolor=\"#000000\" width=\"100%\" height=\"1\"><\/td>\n<\/tr>\n<tr>\n<td align=\"center\" width=\"5%\" height=\"40\"><img loading=\"lazy\" decoding=\"async\" src=\"\/images\/Bot_Flecha.gif\" width=\"7\" height=\"7\" \/><\/td>\n<td width=\"85%\" height=\"40\"><span style=\"color: #000000;\">Deportivo (RDA)<\/span><\/td>\n<td align=\"center\" width=\"10%\" height=\"40\"><a href=\"https:\/\/www.cdaaca.org.ar:81\/adjuntos\/Regla_R.D.A_2442025173051.pdf\" target=\"_blank\" rel=\"noopener\"><img loading=\"lazy\" decoding=\"async\" src=\"https:\/\/e-kart.com.ar\/wp-content\/uploads\/2026\/02\/Icono_Adobe.jpg\" alt=\"Ver documento\" width=\"17\" height=\"18\" border=\"0\" \/><\/a><\/td>\n<\/tr>\n<tr>\n<td colspan=\"3\" align=\"center\" bgcolor=\"#000000\" width=\"100%\" height=\"1\"><\/td>\n<\/tr>\n<tr>\n<td align=\"center\" width=\"5%\" height=\"40\"><img loading=\"lazy\" decoding=\"async\" src=\"\/images\/Bot_Flecha.gif\" width=\"7\" height=\"7\" \/><\/td>\n<td width=\"85%\" height=\"40\"><span style=\"color: #000000;\">Deportivo (RAK)<\/span><\/td>\n<td align=\"center\" width=\"10%\" height=\"40\"><a href=\"https:\/\/www.e-kart.com.ar\/CNK\/docs\/2025_Regl_Dep.pdf\" target=\"_blank\" rel=\"noopener\"><img loading=\"lazy\" decoding=\"async\" src=\"https:\/\/e-kart.com.ar\/wp-content\/uploads\/2026\/02\/Icono_Adobe.jpg\" alt=\"Ver documento\" width=\"17\" height=\"18\" border=\"0\" \/><\/a><\/td>\n<\/tr>\n<tr>\n<td colspan=\"3\" align=\"center\" bgcolor=\"#000000\" width=\"100%\" height=\"1\"><\/td>\n<\/tr>\n<tr>\n<td align=\"center\" width=\"5%\" height=\"40\"><img loading=\"lazy\" decoding=\"async\" src=\"\/images\/Bot_Flecha.gif\" width=\"7\" height=\"7\" \/><\/td>\n<td width=\"85%\" height=\"40\"><span style=\"color: #000000;\">T\u00e9cnico Especial &#8211; Escuela y Mini<\/span><\/td>\n<td align=\"center\" width=\"10%\" height=\"40\"><a href=\"https:\/\/cak.com.ar\/wp-content\/uploads\/2025\/01\/CDA-KARTING-REGLAMENTO-2025-CATEGORIA-ESCUELA-Y-MINI.pdf\" target=\"_blank\" rel=\"noopener\"><img loading=\"lazy\" decoding=\"async\" src=\"https:\/\/e-kart.com.ar\/wp-content\/uploads\/2026\/02\/Icono_Adobe.jpg\" alt=\"Ver documento\" width=\"17\" height=\"18\" border=\"0\" \/><\/a><\/td>\n<\/tr>\n<tr>\n<td colspan=\"3\" align=\"center\" bgcolor=\"#000000\" width=\"100%\" height=\"1\"><\/td>\n<\/tr>\n<tr>\n<td align=\"center\" width=\"5%\" height=\"40\"><img loading=\"lazy\" decoding=\"async\" src=\"\/images\/Bot_Flecha.gif\" width=\"7\" height=\"7\" \/><\/td>\n<td width=\"85%\" height=\"40\"><span style=\"color: #000000;\">T\u00e9cnico Especial &#8211; Cadete<\/span><\/td>\n<td align=\"center\" width=\"10%\" height=\"40\"><a href=\"https:\/\/www.e-kart.com.ar\/CNK\/docs\/2025_Regl_Tec_Cadete.pdf\" target=\"_blank\" rel=\"noopener\"><img loading=\"lazy\" decoding=\"async\" src=\"https:\/\/e-kart.com.ar\/wp-content\/uploads\/2026\/02\/Icono_Adobe.jpg\" alt=\"Ver documento\" width=\"17\" height=\"18\" border=\"0\" \/><\/a><\/td>\n<\/tr>\n<tr>\n<td colspan=\"3\" align=\"center\" bgcolor=\"#000000\" width=\"100%\" height=\"1\"><\/td>\n<\/tr>\n<tr>\n<td align=\"center\" width=\"5%\" height=\"40\"><img loading=\"lazy\" decoding=\"async\" src=\"\/images\/Bot_Flecha.gif\" width=\"7\" height=\"7\" \/><\/td>\n<td width=\"85%\" height=\"40\"><span style=\"color: #000000;\">T\u00e9cnico Especial &#8211; OKN Junior<\/span><\/td>\n<td align=\"center\" width=\"10%\" height=\"40\"><a href=\"https:\/\/cak.com.ar\/wp-content\/uploads\/2025\/01\/CDA-KARTING-REGLAMENTO-TECNICO-CATEGORIA-OKN-Y-OKN-Junior-2025-1.pdf\" target=\"_blank\" rel=\"noopener\"><img loading=\"lazy\" decoding=\"async\" src=\"https:\/\/e-kart.com.ar\/wp-content\/uploads\/2026\/02\/Icono_Adobe.jpg\" alt=\"Ver documento\" width=\"17\" height=\"18\" border=\"0\" \/><\/a><\/td>\n<\/tr>\n<tr>\n<td colspan=\"3\" align=\"center\" bgcolor=\"#000000\" width=\"100%\" height=\"1\"><\/td>\n<\/tr>\n<tr>\n<td align=\"center\" width=\"5%\" height=\"40\"><img loading=\"lazy\" decoding=\"async\" src=\"\/images\/Bot_Flecha.gif\" width=\"7\" height=\"7\" \/><\/td>\n<td width=\"85%\" height=\"40\"><span style=\"color: #000000;\">T\u00e9cnico Especial &#8211; OKN<\/span><\/td>\n<td align=\"center\" width=\"10%\" height=\"40\"><a href=\"https:\/\/cak.com.ar\/wp-content\/uploads\/2025\/01\/CDA-KARTING-REGLAMENTO-TECNICO-CATEGORIA-OKN-Y-OKN-Junior-2025-1.pdf\" target=\"_blank\" rel=\"noopener\"><img loading=\"lazy\" decoding=\"async\" src=\"https:\/\/e-kart.com.ar\/wp-content\/uploads\/2026\/02\/Icono_Adobe.jpg\" alt=\"Ver documento\" width=\"17\" height=\"18\" border=\"0\" \/><\/a><\/td>\n<\/tr>\n<tr>\n<td colspan=\"3\" align=\"center\" bgcolor=\"#000000\" width=\"100%\" height=\"1\"><\/td>\n<\/tr>\n<tr>\n<td align=\"center\" width=\"5%\" height=\"40\"><img loading=\"lazy\" decoding=\"async\" src=\"\/images\/Bot_Flecha.gif\" width=\"7\" height=\"7\" \/><\/td>\n<td width=\"85%\" height=\"40\"><span style=\"color: #000000;\">T\u00e9cnico Especial &#8211; ProAm<\/span><\/td>\n<td align=\"center\" width=\"10%\" height=\"40\"><a href=\"https:\/\/www.e-kart.com.ar\/CNK\/docs\/2025_Regl_Tec_ProAm.pdf\" target=\"_blank\" rel=\"noopener\"><img loading=\"lazy\" decoding=\"async\" src=\"https:\/\/e-kart.com.ar\/wp-content\/uploads\/2026\/02\/Icono_Adobe.jpg\" alt=\"Ver documento\" width=\"17\" height=\"18\" border=\"0\" \/><\/a><\/td>\n<\/tr>\n<tr>\n<td colspan=\"3\" align=\"center\" bgcolor=\"#000000\" width=\"100%\" height=\"1\"><\/td>\n<\/tr>\n<tr>\n<td colspan=\"3\" align=\"center\" height=\"45\"><\/td>\n<\/tr>\n<tr>\n<td colspan=\"3\" align=\"left\" height=\"15\">\n<h3><strong>Anexos \u00bb<\/strong><\/h3>\n<\/td>\n<\/tr>\n<tr>\n<td colspan=\"3\" align=\"center\" height=\"20\"><\/td>\n<\/tr>\n<tr>\n<td colspan=\"3\" align=\"center\" bgcolor=\"#000000\" width=\"100%\" height=\"1\"><\/td>\n<\/tr>\n<tr>\n<td align=\"center\" width=\"5%\" height=\"40\"><img loading=\"lazy\" decoding=\"async\" src=\"\/images\/Bot_Flecha.gif\" width=\"7\" height=\"7\" \/><\/td>\n<td width=\"85%\" height=\"40\"><span style=\"color: #000000;\">Errata &#8211; Aclaraci\u00f3n T\u00e9cnica Cadete y ProAm<\/span><\/td>\n<td align=\"center\" width=\"10%\" height=\"40\"><a href=\"https:\/\/www.e-kart.com.ar\/CNK\/docs\/2025_Errata_Regl_Tec_CadeteyProAm.pdf\" target=\"_blank\" rel=\"noopener\"><img loading=\"lazy\" decoding=\"async\" src=\"https:\/\/e-kart.com.ar\/wp-content\/uploads\/2026\/02\/Icono_Adobe.jpg\" alt=\"Ver documento\" width=\"17\" height=\"18\" border=\"0\" \/><\/a><\/td>\n<\/tr>\n<tr>\n<td colspan=\"3\" align=\"center\" bgcolor=\"#000000\" width=\"100%\" height=\"1\"><\/td>\n<\/tr>\n<p><!--\n\n\n<tr>\n\n\n<td width=\"5%\" align=\"center\" height=\"40\"><img loading=\"lazy\" decoding=\"async\" src=\"\/images\/Bot_Flecha.gif\" width=\"7\" height=\"7\"><\/td>\n\n\n\n\n<td width=\"85%\" height=\"40\"><font color=\"#000000\">Anexo - Aclaraci\u00f3n T\u00e9cnica 05\/07\/2024<\/font><\/td>\n\n\n\n\n<td width=\"10%\" align=\"center\" height=\"40\"><\/td>\n\n\n<\/tr>\n\n\n\n\n<tr>\n\n\n<td width=\"100%\" align=\"center\" colspan=\"3\" bgcolor=\"#000000\" height=\"1\"><\/td>\n\n\n<\/tr>\n\n\n\n\n<tr>\n\n\n<td width=\"5%\" align=\"center\" height=\"40\"><img loading=\"lazy\" decoding=\"async\" src=\"\/images\/Bot_Flecha.gif\" width=\"7\" height=\"7\"><\/td>\n\n\n\n\n<td width=\"85%\" height=\"40\"><font color=\"#000000\">Anexo 1 - Reglamento Deportivo CAK 2024<\/font><\/td>\n\n\n\n\n<td width=\"10%\" align=\"center\" height=\"40\"><\/td>\n\n\n<\/tr>\n\n\n\n\n<tr>\n\n\n<td width=\"100%\" align=\"center\" colspan=\"3\" bgcolor=\"#000000\" height=\"1\"><\/td>\n\n\n<\/tr>\n\n\n\n\n<tr>\n\n\n<td width=\"5%\" align=\"center\" height=\"40\"><img loading=\"lazy\" decoding=\"async\" src=\"\/images\/Bot_Flecha.gif\" width=\"7\" height=\"7\"><\/td>\n\n\n\n\n<td width=\"85%\" height=\"40\"><font color=\"#000000\">Anexo - Aclaraci\u00f3n T\u00e9cnica CIA 05\/07\/2024<\/font><\/td>\n\n\n\n\n<td width=\"10%\" align=\"center\" height=\"40\"><\/td>\n\n\n<\/tr>\n\n\n\n\n<tr>\n\n\n<td width=\"100%\" align=\"center\" colspan=\"3\" bgcolor=\"#000000\" height=\"1\"><\/td>\n\n\n<\/tr>\n\n\n--><\/p>\n<tr>\n<td colspan=\"3\" align=\"center\" width=\"100%\" height=\"5\"><\/td>\n<\/tr>\n<\/tbody>\n<\/table>\n<p><\/center><\/div>\n<\/td>\n<\/tr>\n<\/tbody>\n<\/table>\n<p><\/center><\/div>\n<\/td>\n<\/tr>\n<tr>\n<td align=\"center\" height=\"21\"><\/td>\n<\/tr>\n<\/tbody>\n<\/table>\n","protected":false},"excerpt":{"rendered":"<p>Deportivo (RDA) Deportivo (RAK) T\u00e9cnico Especial &#8211; Escuela y Mini T\u00e9cnico Especial &#8211; Cadete T\u00e9cnico Especial &#8211; OKN Junior T\u00e9cnico Especial &#8211; OKN T\u00e9cnico Especial &#8211; ProAm Anexos \u00bb Errata&hellip; <\/p>\n","protected":false},"author":1,"featured_media":0,"parent":140,"menu_order":0,"comment_status":"closed","ping_status":"closed","template":"","meta":{"footnotes":""},"class_list":["post-145","page","type-page","status-publish","hentry"],"_links":{"self":[{"href":"https:\/\/e-kart.com.ar\/index.php?rest_route=\/wp\/v2\/pages\/145","targetHints":{"allow":["GET"]}}],"collection":[{"href":"https:\/\/e-kart.com.ar\/index.php?rest_route=\/wp\/v2\/pages"}],"about":[{"href":"https:\/\/e-kart.com.ar\/index.php?rest_route=\/wp\/v2\/types\/page"}],"author":[{"embeddable":true,"href":"https:\/\/e-kart.com.ar\/index.php?rest_route=\/wp\/v2\/users\/1"}],"replies":[{"embeddable":true,"href":"https:\/\/e-kart.com.ar\/index.php?rest_route=%2Fwp%2Fv2%2Fcomments&post=145"}],"version-history":[{"count":14,"href":"https:\/\/e-kart.com.ar\/index.php?rest_route=\/wp\/v2\/pages\/145\/revisions"}],"predecessor-version":[{"id":42023,"href":"https:\/\/e-kart.com.ar\/index.php?rest_route=\/wp\/v2\/pages\/145\/revisions\/42023"}],"up":[{"embeddable":true,"href":"https:\/\/e-kart.com.ar\/index.php?rest_route=\/wp\/v2\/pages\/140"}],"wp:attachment":[{"href":"https:\/\/e-kart.com.ar\/index.php?rest_route=%2Fwp%2Fv2%2Fmedia&parent=145"}],"curies":[{"name":"wp","href":"https:\/\/api.w.org\/{rel}","templated":true}]}}